{"id":4822,"date":"2024-06-23T14:52:48","date_gmt":"2024-06-23T13:52:48","guid":{"rendered":"https:\/\/assag.ch\/?page_id=4822"},"modified":"2024-07-15T10:56:22","modified_gmt":"2024-07-15T09:56:22","slug":"produkte-copy-copy-copy","status":"publish","type":"page","link":"https:\/\/assag.ch\/en\/produkte-copy-copy-copy\/","title":{"rendered":"PRODUCTS"},"content":{"rendered":"<h1>\n\t\t\t\tCreative Drive Solutions\n\t\t\t<\/h1>\n\t<h2>\n\t\t\t\tThe Solution is more than a customized Drivesystem\n\t\t\t<\/h2>\n\tIdeally we develop a solution with our customer, which \ndisplays technically and commercially the optimum for its purpose. Already now we discuss the product lifecycle and aftermarket needs. Also logistics, stockholding and demand planning are essentials in the discussion.<br \/>\nWe provide prototypes and drive the project forward till design freeze towards serial production.\n\t<p>If quantities, planning horizon and product life time support the manufacturing at AVTEC, we engage AVTEC early in the project \ndevelopment. If the circumstances do not allow manufacturing \nabroad, for instance due to a particular machining process or a \ncomplex product creation is anticipated, we collaborate with our \nlocal network partners. This means an essential advantage in \nprototyping, before moving into serial production.<\/p>\n\t<h3>\n\t\t\t\tThe Product\n\t\t\t<\/h3>\n\tOur products are specifically developed for our customers\u2019 application.<br \/>\nWir ermitteln die Anforderungen im Dialog und legen die Spezifikation zusammen mit dem Kunden fest. Mit unserer breiten und langj\u00e4hrigen Erfahrung beraten wir und lassen unser Wissen einflie\u00dfen, wir berechnen und optimieren die Komponenten, erstellen die Fertigungszeichnungen und St\u00fccklisten.\n\t<p>In early stage we consider particular needs of the machining process used for prototyping and for serial production. A meaningful translation of the concept into a industrialized solution is key for a commercially attractive production and process safety.<\/p>\n\t<h3>\n\t\t\t\tOur product range includes:\u00a0\n\t\t\t<\/h3>\n<h4>\n\t\tElectromechanical Drives\n\t<\/h4>\n\t\t\t\t<img loading=\"lazy\" decoding=\"async\" src=\"https:\/\/assag.ch\/wp-content\/uploads\/2022\/03\/web_elektro_XT201365.jpg\" alt=\"web_elektro_XT201365\" itemprop=\"image\" height=\"643\" width=\"900\" title=\"web_elektro_XT201365\" onerror=\"this.style.display='none'\"  \/>\n<h4>\n\t\tTransmissions &amp; Assemblies\n\t<\/h4>\n\t\t\t\t<img loading=\"lazy\" decoding=\"async\" src=\"https:\/\/assag.ch\/wp-content\/uploads\/2022\/03\/web_XT201069_2.jpg\" alt=\"web_XT201069_2\" itemprop=\"image\" height=\"643\" width=\"900\" title=\"web_XT201069_2\" onerror=\"this.style.display='none'\"  \/>\n<h4>\n\t\tGears and Components\n\t<\/h4>\n\t\t\t\t<img loading=\"lazy\" decoding=\"async\" src=\"https:\/\/assag.ch\/wp-content\/uploads\/2022\/03\/web_facegear_XT201290.jpg\" alt=\"web_facegear_XT201290\" itemprop=\"image\" height=\"643\" width=\"900\" title=\"web_facegear_XT201290\" onerror=\"this.style.display='none'\"  \/>\n<h3>\n\t\tElectromechanical Drives\n\t<\/h3>\n\t\t\t\t<img loading=\"lazy\" decoding=\"async\" src=\"https:\/\/assag.ch\/wp-content\/uploads\/2024\/05\/1_Antriebe-mit-Untersetzung-300x240.jpg\" alt=\"1_Antriebe mit Untersetzung\" itemprop=\"image\" height=\"240\" width=\"300\" title=\"1_Antriebe mit Untersetzung\" onerror=\"this.style.display='none'\"  \/>\n\t<h5>\n\t\t\t\tDrives with gear ratio\n\t\t\t<\/h5>\n\t\t\t<p>Motor-gear units<br \/>\u2022 Rotary tables<br \/>\u2022 Robotic arms<br \/>\u2022 Linear actuators<\/p>\t\n\t\t\t\t<img loading=\"lazy\" decoding=\"async\" src=\"https:\/\/assag.ch\/wp-content\/uploads\/2024\/05\/3_Miniaturantriebe-300x240.jpg\" alt=\"3_Miniaturantriebe\" itemprop=\"image\" height=\"240\" width=\"300\" title=\"3_Miniaturantriebe\" onerror=\"this.style.display='none'\"  \/>\n\t<h5>\n\t\t\t\tMiniatur drives\n\t\t\t<\/h5>\n\t\t\t<p>Motor-gear units<br \/>\u2022 Encapsulated<br \/>\u2022 Special enclosures<\/p>\t\n\t\t\t\t<img loading=\"lazy\" decoding=\"async\" src=\"https:\/\/assag.ch\/wp-content\/uploads\/2024\/05\/2_Direktantriebe-300x240.jpg\" alt=\"2_Direktantriebe\" itemprop=\"image\" height=\"240\" width=\"300\" title=\"2_Direktantriebe\" onerror=\"this.style.display='none'\"  \/>\n\t<h5>\n\t\t\t\tDirect drives\n\t\t\t<\/h5>\n\t\t\t<p>Torque motors<br \/>\u2022 With hollow shaft<br \/>\u2022 High torque<br \/>\u2022 Compact design<\/p>\t\n<h3>\n\t\tTransmissions &amp; Assemblies\n\t<\/h3>\n\t\t\t\t<img loading=\"lazy\" decoding=\"async\" src=\"https:\/\/assag.ch\/wp-content\/uploads\/2024\/05\/4_Winkelgetriebe-300x240.jpg\" alt=\"4_Winkelgetriebe\" itemprop=\"image\" height=\"240\" width=\"300\" title=\"4_Winkelgetriebe\" onerror=\"this.style.display='none'\"  \/>\n\t<h5>\n\t\t\t\tAngular drive\n\t\t\t<\/h5>\n\t\t\t<p>\u2022 Various sizes<br \/>\u2022 Based on worm gears<br \/>\u2022 Wide range<\/p>\t\n\t\t\t\t<img loading=\"lazy\" decoding=\"async\" src=\"https:\/\/assag.ch\/wp-content\/uploads\/2024\/05\/5_Getriebekombination-mit-Planetengetriebe-300x240.jpg\" alt=\"5_Getriebekombination mit Planetengetriebe\" itemprop=\"image\" height=\"240\" width=\"300\" title=\"5_Getriebekombination mit Planetengetriebe\" onerror=\"this.style.display='none'\"  \/>\n\t<h5>\n\t\t\t\tTransmission combination with planetary transmission\n\t\t\t<\/h5>\n\t\t\t<p>\u2022 Customized<br \/>\u2022 Robust design<br \/>\u2022 Durable<\/p>\t\n\t\t\t\t<img loading=\"lazy\" decoding=\"async\" src=\"https:\/\/assag.ch\/wp-content\/uploads\/2024\/05\/6_Differenziale-300x240.jpg\" alt=\"6_Differenziale\" itemprop=\"image\" height=\"240\" width=\"300\" title=\"6_Differenziale\" onerror=\"this.style.display='none'\"  \/>\n\t<h5>\n\t\t\t\tDifferential transmission\n\t\t\t<\/h5>\n\t\t\t<p>\u2022 Compensation of speed differences<br \/>\u2022 Use of standard assemblies<\/p>\t\n\t\t\t\t<img loading=\"lazy\" decoding=\"async\" src=\"https:\/\/assag.ch\/wp-content\/uploads\/2024\/05\/7_Kompensationsgetriebe-300x240.jpg\" alt=\"7_Kompensationsgetriebe\" itemprop=\"image\" height=\"240\" width=\"300\" title=\"7_Kompensationsgetriebe\" onerror=\"this.style.display='none'\"  \/>\n\t<h5>\n\t\t\t\tCompensation transmission\n\t\t\t<\/h5>\n\t\t\t<p>\u2022 Customized<br \/>\u2022 Coaxial compensation of speed differences<br \/>\u2022 Compact design<\/p>\t\n\t\t\t\t<img loading=\"lazy\" decoding=\"async\" src=\"https:\/\/assag.ch\/wp-content\/uploads\/2024\/05\/8_Wellgetriebe-300x240.jpg\" alt=\"8_Wellgetriebe\" itemprop=\"image\" height=\"240\" width=\"300\" title=\"8_Wellgetriebe\" onerror=\"this.style.display='none'\"  \/>\n\t<h5>\n\t\t\t\tWave Transmissions\n\t\t\t<\/h5>\n\t\t\t<p>\u2022 Various designs<br \/>\u2022 Wide range<br \/>\u2022 Compact, precise, compatible<\/p>\t\n\t\t\t\t<img decoding=\"async\" src=\"https:\/\/assag.ch\/wp-content\/plugins\/bb-plugin\/img\/pixel.png\" alt=\"\" itemprop=\"image\" onerror=\"this.style.display='none'\"  \/>\n\t\t\t\t<img decoding=\"async\" src=\"https:\/\/assag.ch\/wp-content\/plugins\/bb-plugin\/img\/pixel.png\" alt=\"\" itemprop=\"image\" onerror=\"this.style.display='none'\"  \/>\n<h3>\n\t\tGears and Components\n\t<\/h3>\n\t\t\t\t<img loading=\"lazy\" decoding=\"async\" src=\"https:\/\/assag.ch\/wp-content\/uploads\/2024\/07\/Kronenzahnrad-1.jpg\" alt=\"Kronenzahnrad\" itemprop=\"image\" height=\"240\" width=\"300\" title=\"Kronenzahnrad\" onerror=\"this.style.display='none'\"  \/>\n\t<h5>\n\t\t\t\tFace Gears\n\t\t\t<\/h5>\n\t\t\t<p>\u2022 High load capacity<br \/>\u2022 Precise movement<br \/>\u2022 Flexible application possibilities<\/p>\t\n\t\t\t\t<img loading=\"lazy\" decoding=\"async\" src=\"https:\/\/assag.ch\/wp-content\/uploads\/2024\/07\/Stirnrad-02-freigestellt-1-300x240.jpg\" alt=\"Stirnrad 02 freigestellt\" itemprop=\"image\" height=\"240\" width=\"300\" title=\"Stirnrad 02 freigestellt\" onerror=\"this.style.display='none'\"  \/>\n\t<h5>\n\t\t\t\tSpur Gears\n\t\t\t<\/h5>\n\t\t\t<p>\u2022 Smooth running<br \/>\u2022 Highest efficiency<br \/>\u2022  Cost-effective production<\/p>\t\n\t\t\t\t<img loading=\"lazy\" decoding=\"async\" src=\"https:\/\/assag.ch\/wp-content\/uploads\/2024\/07\/Welle-freigestellt-03-300x240.jpg\" alt=\"Welle freigestellt 03\" itemprop=\"image\" height=\"240\" width=\"300\" title=\"Welle freigestellt 03\" onerror=\"this.style.display='none'\"  \/>\n\t<h5>\n\t\t\t\tShafts\n\t\t\t<\/h5>\n\t\t\t<p>\u2022 Application-specific<br \/>\u2022 High production quality<br \/>\u2022 Optimum use of materials<\/p>\t\n\t\t\t\t<img loading=\"lazy\" decoding=\"async\" src=\"https:\/\/assag.ch\/wp-content\/uploads\/2024\/07\/Schnecke-u.-Welle-freigestellt-02-300x240.jpg\" alt=\"Schnecke u. Welle freigestellt 02\" itemprop=\"image\" height=\"240\" width=\"300\" title=\"Schnecke u. Welle freigestellt 02\" onerror=\"this.style.display='none'\"  \/>\n\t<h5>\n\t\t\t\tWorms and Worm wheels\n\t\t\t<\/h5>\n\t\t\t<p>\u2022 Low vibration<br \/>\u2022 Extremely smooth running<br \/>\u2022 Self-locking possible<\/p>\t\n\t\t\t\t<img decoding=\"async\" src=\"https:\/\/assag.ch\/wp-content\/plugins\/bb-plugin\/img\/pixel.png\" alt=\"\" itemprop=\"image\" onerror=\"this.style.display='none'\"  \/>\n\t\t\t\t<img decoding=\"async\" src=\"https:\/\/assag.ch\/wp-content\/plugins\/bb-plugin\/img\/pixel.png\" alt=\"\" itemprop=\"image\" onerror=\"this.style.display='none'\"  \/>\n\t<h3>\n\t\t\t\tThe application\n\t\t\t<\/h3>\n\t<p>The kind of application and consequently the \nrequirements on the product are fundamental \nfor durability and efficiency of the chosen solution.\nTorque, rotary speed,  compactness and mass are most important metrics.<\/p>\n\t<p>Also lifetime expectation, precision and tolerances, material and power take off,  temperature range, assembly friendliness and service needs are different. We grew our expertise in over 40 years, here are some typical applications:<\/p>\n\t\t\t\t<img loading=\"lazy\" decoding=\"async\" src=\"https:\/\/assag.ch\/wp-content\/uploads\/2024\/06\/anwendungen_24.jpg\" alt=\"anwendungen_24\" itemprop=\"image\" height=\"764\" width=\"900\" title=\"anwendungen_24\" onerror=\"this.style.display='none'\"  \/>\n\t<h3>\n\t\t\t\tTypical industrial areas of application\n\t\t\t<\/h3>\n\t<strong>\u2022 Semiconductor production<\/strong> (positioning in lithography)<br \/>\n<strong>\u2022 Machine tools<\/strong> (tool change drives)<br \/>\n<strong>\u2022 Mobile work machines<\/strong> (differential and planetary transmissions)<br \/>\n<strong>\u2022 Medical technology<\/strong> (precision positioning)<br \/>\n<strong>\u2022 Automotive engineering<\/strong> (differentials and components)<br \/>\n<strong>\u2022 Packaging<\/strong> (worm and planetary transmissions)<br \/>\n<strong>\u2022 Automation and robotics<\/strong> (servo transmissions)<br \/>\n<strong>\u2022 Transportation systems<\/strong> (spur transmissions, complete drives)<br \/>\n<strong>\u2022 General mechanical engineering<\/strong> (angular and planetary transmission)\n\t<h3>\n\t\t\t\tProduction and Sourcing\n\t\t\t<\/h3>\n\t<p>The right transfer of the concept into a design is essential for the success of the solution. It determines efforts, costs, quality, repeatability and availability. Reason enough to work closely with AVTEC and out manufacturing partners in the network. Each single manufacturing methodology has its strength, each purchasing process its characteristics and advantages.<\/p>\n\t<p>It depends on workload and free resources, which configuration is most meaningful for your customer and his project. Our manufacturing partners follow the principle of an extended workbench and produce the components as per our drawings. According to a strict quality management we assemble components and check transmissions in a final inspection. Some of our assemblies are quite standard, which will be then just modified or adopted.<\/p>\n\t<h3>\n\t\t\t\tManufacturing capabilities in Switzerland\/Europe\/China\/India\n\t\t\t<\/h3>\n\t<h5>\n\t\t\t\tThe selection depends on\n\t\t\t<\/h5>\n\t\t\t<ul><li>Suitable production method based on quantity and quality requirements<\/li><li>Complexity and geometric structure of the product<\/li><\/ul>\t\n\t<h5>\n\t\t\t\tProduction possibilities\n\t\t\t<\/h5>\n\t\t\t<ul><li>In-house production at AVTEC<\/li><li>Production with our selected partners<\/li><li>A network of suppliers<\/li><\/ul>\t\n\t<h5>\n\t\t\t\tASSAG\n\t\t\t<\/h5>\n\t\t\t<ul><li>leads the feasibility process<\/li><li>monitors the production process and advises on its development<\/li><li>controls the quality<\/li><\/ul>\t\n\t<h5>\n\t\t\t\tPrototypes and Small Series\n\t\t\t<\/h5>\n\t\t\t\t<img loading=\"lazy\" decoding=\"async\" src=\"https:\/\/assag.ch\/wp-content\/uploads\/2022\/03\/web_zahnrad_XT202109.jpg\" alt=\"web_zahnrad_XT202109\" itemprop=\"image\" height=\"643\" width=\"900\" title=\"web_zahnrad_XT202109\" onerror=\"this.style.display='none'\"  \/>\n\t<h5>\n\t\t\t\tSeries production\n\t\t\t<\/h5>\n\t\t\t\t<img loading=\"lazy\" decoding=\"async\" src=\"https:\/\/assag.ch\/wp-content\/uploads\/2022\/03\/web_kleinserie_XT201970.jpg\" alt=\"web_kleinserie_XT201970\" itemprop=\"image\" height=\"643\" width=\"900\" title=\"web_kleinserie_XT201970\" onerror=\"this.style.display='none'\"  \/>\n\t<h3>\n\t\t\t\tStock Holding and Spare Parts\n\t\t\t<\/h3>\n\t\t\t\t<img loading=\"lazy\" decoding=\"async\" src=\"https:\/\/assag.ch\/wp-content\/uploads\/2022\/03\/web_lager_XT201753.jpg\" alt=\"web_lager_XT201753\" itemprop=\"image\" height=\"643\" width=\"900\" title=\"web_lager_XT201753\" onerror=\"this.style.display='none'\"  \/>\n\t<h5>\n\t\t\t\tStock Holding\n\t\t\t<\/h5>\n\t\t\t<p>Cost optimized manufacturing depends very much on the demand planning and need of finished or semifinished goods. We offer the opportunity to plan ahead and keep stock to be ready for the peaks<\/p>\t\n\t\t\t\t<img loading=\"lazy\" decoding=\"async\" src=\"https:\/\/assag.ch\/wp-content\/uploads\/2022\/03\/web_ersatz_XT201671.jpg\" alt=\"web_ersatz_XT201671\" itemprop=\"image\" height=\"643\" width=\"900\" title=\"web_ersatz_XT201671\" onerror=\"this.style.display='none'\"  \/>\n\t<h5>\n\t\t\t\tSpare Parts\n\t\t\t<\/h5>\n\t\t\t<p>Die langfristigste Art der Bevorratung ist die Bereitstellung von Ersatzteilen in ausreichender Menge. Wichtig also, dass wir bereits am Anfang eines Produktlebenszyklus diese Frage stellen, um rechtzeitig, gen\u00fcgend Ersatzteile zu halten. Nur so viel\u00a0wie n\u00f6tig &#8211; nicht so viel wie m\u00f6glich.<\/p>\t\n\t<h3>\n\t\t\t\tDo you want to know more about our products?\n\t\t\t<\/h3>\n\t\t\t<a href=\"https:\/\/assag.ch\/en\/kontakt\/\" target=\"_self\" role=\"button\" aria-label=\"GIVE US A CALL\" rel=\"noopener\">\n\t\t\t\t\t\t\tGIVE US A CALL\n\t\t<\/a>","protected":false},"excerpt":{"rendered":"<p>Kreative Antriebsl\u00f6sungen Die L\u00f6sung ist mehr als ein kundenspezifischer Antrieb Idealerweise entwickeln wir mit unserem Kunden eine L\u00f6sung, die technisch und wirtschaftlich das Optimum f\u00fcr seinen Zweck darstellt. Bereits jetzt unterhalten wir uns \u00fcber den Produktlebenszyklus und die Ersatzteilversorgung. Auch das logistische Modell, die Bevorratung und die Bedarfsplanung gehen in die Diskussion ein. Wir besorgen [&hellip;]<\/p>","protected":false},"author":1,"featured_media":0,"parent":0,"menu_order":0,"comment_status":"closed","ping_status":"closed","template":"","meta":{"site-sidebar-layout":"no-sidebar","site-content-layout":"page-builder","ast-site-content-layout":"full-width-container","site-content-style":"unboxed","site-sidebar-style":"unboxed","ast-global-header-display":"","ast-banner-title-visibility":"","ast-main-header-display":"","ast-hfb-above-header-display":"","ast-hfb-below-header-display":"","ast-hfb-mobile-header-display":"","site-post-title":"disabled","ast-breadcrumbs-content":"","ast-featured-img":"disabled","footer-sml-layout":"","theme-transparent-header-meta":"enabled","adv-header-id-meta":"","stick-header-meta":"","header-above-stick-meta":"","header-main-stick-meta":"","header-below-stick-meta":"","astra-migrate-meta-layouts":"set","ast-page-background-enabled":"default","ast-page-background-meta":{"desktop":{"background-color":"","background-image":"","background-repeat":"repeat","background-position":"center center","background-size":"auto","background-attachment":"scroll","background-type":"","background-media":"","overlay-type":"","overlay-color":"","overlay-opacity":"","overlay-gradient":""},"tablet":{"background-color":"","background-image":"","background-repeat":"repeat","background-position":"center center","background-size":"auto","background-attachment":"scroll","background-type":"","background-media":"","overlay-type":"","overlay-color":"","overlay-opacity":"","overlay-gradient":""},"mobile":{"background-color":"","background-image":"","background-repeat":"repeat","background-position":"center center","background-size":"auto","background-attachment":"scroll","background-type":"","background-media":"","overlay-type":"","overlay-color":"","overlay-opacity":"","overlay-gradient":""}},"ast-content-background-meta":{"desktop":{"background-color":"var(--ast-global-color-5)","background-image":"","background-repeat":"repeat","background-position":"center center","background-size":"auto","background-attachment":"scroll","background-type":"","background-media":"","overlay-type":"","overlay-color":"","overlay-opacity":"","overlay-gradient":""},"tablet":{"background-color":"var(--ast-global-color-5)","background-image":"","background-repeat":"repeat","background-position":"center center","background-size":"auto","background-attachment":"scroll","background-type":"","background-media":"","overlay-type":"","overlay-color":"","overlay-opacity":"","overlay-gradient":""},"mobile":{"background-color":"var(--ast-global-color-5)","background-image":"","background-repeat":"repeat","background-position":"center center","background-size":"auto","background-attachment":"scroll","background-type":"","background-media":"","overlay-type":"","overlay-color":"","overlay-opacity":"","overlay-gradient":""}},"footnotes":""},"class_list":["post-4822","page","type-page","status-publish","hentry"],"_links":{"self":[{"href":"https:\/\/assag.ch\/en\/wp-json\/wp\/v2\/pages\/4822","targetHints":{"allow":["GET"]}}],"collection":[{"href":"https:\/\/assag.ch\/en\/wp-json\/wp\/v2\/pages"}],"about":[{"href":"https:\/\/assag.ch\/en\/wp-json\/wp\/v2\/types\/page"}],"author":[{"embeddable":true,"href":"https:\/\/assag.ch\/en\/wp-json\/wp\/v2\/users\/1"}],"replies":[{"embeddable":true,"href":"https:\/\/assag.ch\/en\/wp-json\/wp\/v2\/comments?post=4822"}],"version-history":[{"count":23,"href":"https:\/\/assag.ch\/en\/wp-json\/wp\/v2\/pages\/4822\/revisions"}],"predecessor-version":[{"id":4877,"href":"https:\/\/assag.ch\/en\/wp-json\/wp\/v2\/pages\/4822\/revisions\/4877"}],"wp:attachment":[{"href":"https:\/\/assag.ch\/en\/wp-json\/wp\/v2\/media?parent=4822"}],"curies":[{"name":"wp","href":"https:\/\/api.w.org\/{rel}","templated":true}]}}