{"id":4789,"date":"2024-06-18T13:26:09","date_gmt":"2024-06-18T12:26:09","guid":{"rendered":"https:\/\/assag.ch\/?page_id=4789"},"modified":"2024-07-04T16:31:36","modified_gmt":"2024-07-04T15:31:36","slug":"services-copy","status":"publish","type":"page","link":"https:\/\/assag.ch\/en\/services-copy\/","title":{"rendered":"ENGINEERING"},"content":{"rendered":"<h1>\n\t\t\t\tServices\n\t\t\t<\/h1>\n\t<h2>\n\t\t\t\tQualified Consulting and Support\n\t\t\t<\/h2>\n\t<p>Die ersten Schritte bestimmen die Richtung &#8211; das richtige Konzept bestimmt den Erfolg.\u00a0Wir unterst\u00fctzen Sie bei der\u00a0technischen Evaluierung Ihres Antriebskonzeptes unter Ber\u00fccksichtigung Ihrer Applikation.\u00a0Wir streben dabei nach\u00a0kostenoptimierten Komponenten, einfacher Montage und geringen Servicearbeiten. Die Prozesssicherheit in der Serienfertigung\u00a0ist uns wichtig. Ein besonderes Augenmerk liegt auf der Auswahl des Getriebeprinzips, das Aufzeigen des Nutzens unter\u00a0Ber\u00fccksichtigung der Kosten.<\/p>\n\t<p>There are plenty of examples we can refer to. We are able to lay out and optimize components substantially with our IT supported calculations. They contain geometries also as algorithmics for stiffness and sound optimization. For doing so, we use different software modules, which we partially developed by our own. They support FEM analysis and further simulations.<\/p>\n\t\t\t\t<img loading=\"lazy\" decoding=\"async\" src=\"https:\/\/assag.ch\/wp-content\/uploads\/2022\/03\/web_cad_XT201997.jpg\" alt=\"web_cad_XT201997\" itemprop=\"image\" height=\"643\" width=\"900\" title=\"web_cad_XT201997\" onerror=\"this.style.display='none'\"  \/>\n\t<h4>\n\t\t\t\tConcept Studies\n\t\t\t<\/h4>\n\t\t\t<p>Before any decision about the drive of choice it is worth to step back and investigate the benefit of different approaches. <br \/>vergleichen. Wir helfen Ihnen dabei die Faktoren Technik &#8211; Kosten &#8211; Produktion und Prozesssicherheit zu bewerten und\u00a0abzuw\u00e4gen.<\/p>\t\n\t\t\t\t<img loading=\"lazy\" decoding=\"async\" src=\"https:\/\/assag.ch\/wp-content\/uploads\/2022\/03\/web_adm_XT202020.jpg\" alt=\"web_adm_XT202020\" itemprop=\"image\" height=\"643\" width=\"900\" title=\"web_adm_XT202020\" onerror=\"this.style.display='none'\"  \/>\n\t<h4>\n\t\t\t\tUpgrade \/ Retrofit \/ Optimization\n\t\t\t<\/h4>\n\t\t\t<p>Our components and gear systems are made for long life. Even longer than some technologies last. It is worth to investigate at the end of product life cycle, if there are nowadays better solutions possible. That is why we offer a feasibility study, which considers updated requirements and with the opportunity to go for a more modern and sustainable solution.\u00a0\u00a0\u00a0\u00a0<\/p>\t\n\t\t\t\t<img loading=\"lazy\" decoding=\"async\" src=\"https:\/\/assag.ch\/wp-content\/uploads\/2022\/03\/web_messfuehler2_XT201693.jpg\" alt=\"web_messfuehler2_XT201693\" itemprop=\"image\" height=\"443\" width=\"620\" title=\"web_messfuehler2_XT201693\" onerror=\"this.style.display='none'\"  \/>\n\t<h4>\n\t\t\t\tMeasuring\n\t\t\t<\/h4>\n\t\t\t<p>Langj\u00e4hrige Erfahrung und umfangreiches Produktions-Know-How setzen wir zu Ihrem Vorteil ein. Gerne \u00fcberpr\u00fcfen wir Ihre Bauteile auf Ma\u00dfhaltigkeit und Verschlei\u00df. Wir liefern Messprotokolle und -berichte.<\/p>\t\n\t\t\t\t<img loading=\"lazy\" decoding=\"async\" src=\"https:\/\/assag.ch\/wp-content\/uploads\/2022\/03\/web_montage_XT201791.jpg\" alt=\"web_montage_XT201791\" itemprop=\"image\" height=\"643\" width=\"900\" title=\"web_montage_XT201791\" onerror=\"this.style.display='none'\"  \/>\n\t<h4>\n\t\t\t\tAssembly\n\t\t\t<\/h4>\n\t\t\t<p>We assemble your drive systems in our workshop and check the functionality. On demand we use your measuring equipment according to your measuring processes, in order to be 100% in line with your requirements at the place of application.<\/p>\t\n\t<h3>\n\t\t\t\tDo you want to know more about our products?\n\t\t\t<\/h3>\n\t\t\t<a href=\"https:\/\/assag.ch\/en\/download\/\" target=\"_self\" role=\"button\" aria-label=\"Download\" rel=\"noopener\">\n\t\t\t\t\t\t\tDownload\n\t\t<\/a>","protected":false},"excerpt":{"rendered":"<p>Dienstleistungen Kompetente Beratung und Unterst\u00fctzung Die ersten Schritte bestimmen die Richtung &#8211; das richtige Konzept bestimmt den Erfolg.\u00a0Wir unterst\u00fctzen Sie bei der\u00a0technischen Evaluierung Ihres Antriebskonzeptes unter Ber\u00fccksichtigung Ihrer Applikation.\u00a0Wir streben dabei nach\u00a0kostenoptimierten Komponenten, einfacher Montage und geringen Servicearbeiten. Die Prozesssicherheit in der Serienfertigung\u00a0ist uns wichtig. Ein besonderes Augenmerk liegt auf der Auswahl des Getriebeprinzips, das [&hellip;]<\/p>","protected":false},"author":1,"featured_media":0,"parent":0,"menu_order":0,"comment_status":"closed","ping_status":"closed","template":"","meta":{"site-sidebar-layout":"no-sidebar","site-content-layout":"page-builder","ast-site-content-layout":"full-width-container","site-content-style":"unboxed","site-sidebar-style":"unboxed","ast-global-header-display":"","ast-banner-title-visibility":"","ast-main-header-display":"","ast-hfb-above-header-display":"","ast-hfb-below-header-display":"","ast-hfb-mobile-header-display":"","site-post-title":"disabled","ast-breadcrumbs-content":"","ast-featured-img":"disabled","footer-sml-layout":"","theme-transparent-header-meta":"enabled","adv-header-id-meta":"","stick-header-meta":"","header-above-stick-meta":"","header-main-stick-meta":"","header-below-stick-meta":"","astra-migrate-meta-layouts":"set","ast-page-background-enabled":"default","ast-page-background-meta":{"desktop":{"background-color":"","background-image":"","background-repeat":"repeat","background-position":"center center","background-size":"auto","background-attachment":"scroll","background-type":"","background-media":"","overlay-type":"","overlay-color":"","overlay-opacity":"","overlay-gradient":""},"tablet":{"background-color":"","background-image":"","background-repeat":"repeat","background-position":"center center","background-size":"auto","background-attachment":"scroll","background-type":"","background-media":"","overlay-type":"","overlay-color":"","overlay-opacity":"","overlay-gradient":""},"mobile":{"background-color":"","background-image":"","background-repeat":"repeat","background-position":"center center","background-size":"auto","background-attachment":"scroll","background-type":"","background-media":"","overlay-type":"","overlay-color":"","overlay-opacity":"","overlay-gradient":""}},"ast-content-background-meta":{"desktop":{"background-color":"var(--ast-global-color-5)","background-image":"","background-repeat":"repeat","background-position":"center center","background-size":"auto","background-attachment":"scroll","background-type":"","background-media":"","overlay-type":"","overlay-color":"","overlay-opacity":"","overlay-gradient":""},"tablet":{"background-color":"var(--ast-global-color-5)","background-image":"","background-repeat":"repeat","background-position":"center center","background-size":"auto","background-attachment":"scroll","background-type":"","background-media":"","overlay-type":"","overlay-color":"","overlay-opacity":"","overlay-gradient":""},"mobile":{"background-color":"var(--ast-global-color-5)","background-image":"","background-repeat":"repeat","background-position":"center center","background-size":"auto","background-attachment":"scroll","background-type":"","background-media":"","overlay-type":"","overlay-color":"","overlay-opacity":"","overlay-gradient":""}},"footnotes":""},"class_list":["post-4789","page","type-page","status-publish","hentry"],"_links":{"self":[{"href":"https:\/\/assag.ch\/en\/wp-json\/wp\/v2\/pages\/4789","targetHints":{"allow":["GET"]}}],"collection":[{"href":"https:\/\/assag.ch\/en\/wp-json\/wp\/v2\/pages"}],"about":[{"href":"https:\/\/assag.ch\/en\/wp-json\/wp\/v2\/types\/page"}],"author":[{"embeddable":true,"href":"https:\/\/assag.ch\/en\/wp-json\/wp\/v2\/users\/1"}],"replies":[{"embeddable":true,"href":"https:\/\/assag.ch\/en\/wp-json\/wp\/v2\/comments?post=4789"}],"version-history":[{"count":5,"href":"https:\/\/assag.ch\/en\/wp-json\/wp\/v2\/pages\/4789\/revisions"}],"predecessor-version":[{"id":4832,"href":"https:\/\/assag.ch\/en\/wp-json\/wp\/v2\/pages\/4789\/revisions\/4832"}],"wp:attachment":[{"href":"https:\/\/assag.ch\/en\/wp-json\/wp\/v2\/media?parent=4789"}],"curies":[{"name":"wp","href":"https:\/\/api.w.org\/{rel}","templated":true}]}}