{"id":2901,"date":"2021-11-24T14:04:50","date_gmt":"2021-11-24T14:04:50","guid":{"rendered":"https:\/\/oxobobed.myhostpoint.ch\/astra\/?page_id=2901"},"modified":"2024-06-13T13:02:42","modified_gmt":"2024-06-13T12:02:42","slug":"karrere","status":"publish","type":"page","link":"https:\/\/assag.ch\/en\/karrere\/","title":{"rendered":"Professional Career"},"content":{"rendered":"<h1>\n\t\t\t\tWe search for Talents\n\t\t\t<\/h1>\n\t<h2>\n\t\t\t\tWe search for Talents for our ASSAG Center of Competence \n\t\t\t<\/h2>\n\tAls f\u00fchrendes Schweizer Unternehmen f\u00fcr Antriebstechnik und in der Herstellung von kundenspezifischen Getriebel\u00f6sungen freuen wir uns auf Talente in unserem Team.<br \/>\nAn unserem Standort in D\u00fcdingen, Kanton Freiburg, arbeiten rund 20 Mitarbeitende mit vielseitigen und unterschiedlichen Berufserfahrungen. Sie konstruieren, kalkulieren, drehen, schleifen, pr\u00fcfen und bringen unsere Produkte t\u00e4glich f\u00fcr und mit unseren Kunden weiter.<br \/>\nF\u00fcr uns stehen die Kunden und die Mitarbeiter immer ganz vorne an erster Stelle!\n\t<h3>\n\t\t\t\tProfessional Career\n\t\t\t<\/h3>\n\t<p>We are glad to continue the success story with you!  Do you want to use your competency and experience in an exciting business? We are always looking for motivated and committed people, those with \u00abDrive\u00bb in the genes.<\/p>\n\t\t\t\t<img decoding=\"async\" src=\"https:\/\/assag.ch\/wp-content\/uploads\/2022\/03\/web_icon_weiterbildung_blau.jpg\" alt=\"web_icon_weiterbildung_blau\" title=\"web_icon_weiterbildung_blau\" itemprop=\"image\"\/>\n\t\t\t\t\t\t\t\t\t\t\t\t<h4>Personnel Development<\/h4>\n\t\t\t<!-- END .front -->\n\t\t\t\t\t\t\t\t\t\t<h2>Cool!<\/h2>\n\t\t\t\t\t\t<p>We develop your talents through internal and external training<\/p>\t\t\t\t\t\n\t\t\t<!-- END .back -->\n\t\t <!-- ifb-flip-box -->\n\t <!-- flip-box -->\n\t\t\t\t<img decoding=\"async\" src=\"https:\/\/assag.ch\/wp-content\/uploads\/2022\/03\/web_icon_team_blau.jpg\" alt=\"web_icon_team_blau\" title=\"web_icon_team_blau\" itemprop=\"image\"\/>\n\t\t\t\t\t\t\t\t\t\t\t\t<h4>Team<\/h4>\n\t\t\t<!-- END .front -->\n\t\t\t\t\t\t\t\t\t\t<h2>Cool!<\/h2>\n\t\t\t\t\t\t<p>We work in a versatile team with flat structure<\/p>\t\t\t\t\t\n\t\t\t<!-- END .back -->\n\t\t <!-- ifb-flip-box -->\n\t <!-- flip-box -->\n\t\t\t\t<img decoding=\"async\" src=\"https:\/\/assag.ch\/wp-content\/uploads\/2022\/03\/web_icons_event1.jpg\" alt=\"web_icons_event1\" title=\"web_icons_event1\" itemprop=\"image\"\/>\n\t\t\t\t\t\t\t\t\t\t\t\t<h4>Employee event<\/h4>\n\t\t\t<!-- END .front -->\n\t\t\t\t\t\t\t\t\t\t<h2>Cool!<\/h2>\n\t\t\t\t\t\t<p>We frequently organize cool team events<\/p>\t\t\t\t\t\n\t\t\t<!-- END .back -->\n\t\t <!-- ifb-flip-box -->\n\t <!-- flip-box -->\n\t\t\t\t<img decoding=\"async\" src=\"https:\/\/assag.ch\/wp-content\/uploads\/2022\/03\/web_icon_benefits_blau.jpg\" alt=\"web_icon_benefits_blau\" title=\"web_icon_benefits_blau\" itemprop=\"image\"\/>\n\t\t\t\t\t\t\t\t\t\t\t\t<h4>Benefits<\/h4>\n\t\t\t<!-- END .front -->\n\t\t\t\t\t\t\t\t\t\t<h2>Cool!<\/h2>\n\t\t\t\t\t\t<p>Our \"package\" drives  performance and will convince you<\/p>\t\t\t\t\t\n\t\t\t<!-- END .back -->\n\t\t <!-- ifb-flip-box -->\n\t <!-- flip-box -->\n\t<h3>\n\t\t\t\tCurrently we are looking for:\n\t\t\t<\/h3>\n\t\t\t<p>At the moment, we have no vacancies.\u00a0\u00a0<\/p>\t\n\t<h3>\n\t\t\t\tSpontaneous application\n\t\t\t<\/h3>\n\t\t\t<p>If you don't find a suitable job among our current offerings but are enthusiastic about joining ASSAG, we would be happy if you get in touch with us. In case of questions, let's step into the dialogue. We are ready and eager to assist you.<\/p>\t\n\t<h5>\n\t\t\t\tKontakt\n\t\t\t<\/h5>\n\t<ul>\n\t\t<li>\t\t\t\t\n\t\t<h5>ASSAG, Hauptstrasse 50, 3186 D\u00fcdingen<\/h5><\/li><li>\t\t\t\t\n\t\t<h5>adrian.stoeckli@assag.ch<\/h5><\/li>\t<\/ul>\n\t\t\t\t\t\t\t\t\t\t<a class=\"uabb-ss-grid-button-link\" href=\"https:\/\/www.facebook.com\/sharer.php?u=https%3A%2F%2Fassag.ch%2F%3Fpage_id%3D2901%26fl_builder\" target=\"_blank\" onclick=\"window.open(this.href,'social-share','left=20,top=20,width=500,height=500,toolbar=1,resizable=0');return false;\" rel=\"noopener\">\n\t\t\t\t\t\t\t\tFacebook\n\t\t\t\t\t\t\t\t\t\t<\/a>\n\t\t\t\t\t\t\t\t\t\t<a class=\"uabb-ss-grid-button-link\" href=\"https:\/\/twitter.com\/share?url=https%3A%2F%2Fassag.ch%2F%3Fpage_id%3D2901%26fl_builder\" target=\"_blank\" onclick=\"window.open(this.href,'social-share','left=20,top=20,width=500,height=500,toolbar=1,resizable=0');return false;\" rel=\"noopener\">\n\t\t\t\t\t\t\t\tTwitter\n\t\t\t\t\t\t\t\t\t\t<\/a>\n\t\t\t\t\t\t\t\t\t\t<a class=\"uabb-ss-grid-button-link\" href=\"https:\/\/www.linkedin.com\/shareArticle?url=https%3A%2F%2Fassag.ch%2F%3Fpage_id%3D2901%26fl_builder\" target=\"_blank\" onclick=\"window.open(this.href,'social-share','left=20,top=20,width=500,height=500,toolbar=1,resizable=0');return false;\" rel=\"noopener\">\n\t\t\t\t\t\t\t\tLinkedin\n\t\t\t\t\t\t\t\t\t\t<\/a>\n\t<h3>\n\t\t\t\tApply now\n\t\t\t<\/h3>\n\t\n<div class=\"wpcf7 no-js\" id=\"wpcf7-f3970-o1\" lang=\"de-DE\" dir=\"ltr\" data-wpcf7-id=\"3970\">\n<div class=\"screen-reader-response\"><p role=\"status\" aria-live=\"polite\" aria-atomic=\"true\"><\/p> <ul><\/ul><\/div>\n<form action=\"\/en\/wp-json\/wp\/v2\/pages\/2901#wpcf7-f3970-o1\" method=\"post\" class=\"wpcf7-form init\" aria-label=\"Kontaktformular\" novalidate=\"novalidate\" data-status=\"init\" data-trp-original-action=\"\/en\/wp-json\/wp\/v2\/pages\/2901#wpcf7-f3970-o1\">\n<fieldset class=\"hidden-fields-container\"><input type=\"hidden\" name=\"_wpcf7\" value=\"3970\" \/><input type=\"hidden\" name=\"_wpcf7_version\" value=\"6.1.2\" \/><input type=\"hidden\" name=\"_wpcf7_locale\" value=\"de_DE\" \/><input type=\"hidden\" name=\"_wpcf7_unit_tag\" value=\"wpcf7-f3970-o1\" \/><input type=\"hidden\" name=\"_wpcf7_container_post\" value=\"0\" \/><input type=\"hidden\" name=\"_wpcf7_posted_data_hash\" value=\"\" \/>\n<\/fieldset>\n<p><label> First- &amp; last Name<br \/>\n<span class=\"wpcf7-form-control-wrap\" data-name=\"your-name\"><input size=\"40\" maxlength=\"400\" class=\"wpcf7-form-control wpcf7-text wpcf7-validates-as-required\" aria-required=\"true\" aria-invalid=\"false\" value=\"\" type=\"text\" name=\"your-name\" \/><\/span> <\/label>\n<\/p>\n<p><label> E-mail address<br \/>\n<span class=\"wpcf7-form-control-wrap\" data-name=\"your-email\"><input size=\"40\" maxlength=\"400\" class=\"wpcf7-form-control wpcf7-email wpcf7-validates-as-required wpcf7-text wpcf7-validates-as-email\" aria-required=\"true\" aria-invalid=\"false\" value=\"\" type=\"email\" name=\"your-email\" \/><\/span> <\/label>\n<\/p>\n<p><label> Apply as<br \/>\n<span class=\"wpcf7-form-control-wrap\" data-name=\"your-job-title\"><input size=\"40\" maxlength=\"400\" class=\"wpcf7-form-control wpcf7-text wpcf7-validates-as-required\" aria-required=\"true\" aria-invalid=\"false\" value=\"\" type=\"text\" name=\"your-job-title\" \/><\/span> <\/label>\n<\/p>\n<p><label> Message<br \/>\n<span class=\"wpcf7-form-control-wrap\" data-name=\"your-message\"><textarea cols=\"40\" rows=\"4\" maxlength=\"2000\" class=\"wpcf7-form-control wpcf7-textarea wpcf7-validates-as-required\" aria-required=\"true\" aria-invalid=\"false\" name=\"your-message\"><\/textarea><\/span> <\/label>\n<\/p>\n<p><span class=\"wpcf7-form-control-wrap\" data-name=\"upload-file\"><input size=\"40\" class=\"wpcf7-form-control wpcf7-drag-n-drop-file d-none\" aria-required=\"true\" aria-invalid=\"false\" type=\"file\" multiple=\"multiple\" data-name=\"upload-file\" data-limit=\"10000000\" data-min=\"1\" data-id=\"3970\" data-version=\"free version 1.3.9.1\" accept=\".\" \/><\/span>\n<\/p>\n<p><input class=\"wpcf7-form-control wpcf7-submit has-spinner\" type=\"submit\" value=\"Send message\" \/>\n<\/p><div class=\"wpcf7-response-output\" aria-hidden=\"true\"><\/div>\n<input type=\"hidden\" name=\"trp-form-language\" value=\"en\"\/><\/form>\n<\/div>\n\n\t<h4>Thank you for your application!<\/h4>\n<p>You will shortly receive a confirmation by email leading through our application process.<\/p>\n\t<h3>\n\t\t\t\tThe ASSAG mission statement\n\t\t\t<\/h3>\n\t\t<nav>\n\t\t\t<ul>\n\t\t\t\t\t\t\t\t<li data-index=\"0\" tabindex=\"0\">\n\t\t\t\t\t<h5>\n\t\t\t\t\t\t<a href=\"javascript:void(0);\" tabindex=\"-1\">Organisation\n\t\t\t\t\t\t\t\t\t\t\t\t<\/a>\n\t\t\t\t\t<\/h5>\n\t\t\t\t<\/li>\n\t\t\t\t\t\t\t\t<li data-index=\"1\" tabindex=\"0\">\n\t\t\t\t\t<h5>\n\t\t\t\t\t\t<a href=\"javascript:void(0);\" tabindex=\"-1\">Direction\n\t\t\t\t\t\t\t\t\t\t\t\t<\/a>\n\t\t\t\t\t<\/h5>\n\t\t\t\t<\/li>\n\t\t\t\t\t\t\t\t<li data-index=\"2\" tabindex=\"0\">\n\t\t\t\t\t<h5>\n\t\t\t\t\t\t<a href=\"javascript:void(0);\" tabindex=\"-1\">Employees\n\t\t\t\t\t\t\t\t\t\t\t\t<\/a>\n\t\t\t\t\t<\/h5>\n\t\t\t\t<\/li>\n\t\t\t\t\t\t\t\t<li data-index=\"3\" tabindex=\"0\">\n\t\t\t\t\t<h5>\n\t\t\t\t\t\t<a href=\"javascript:void(0);\" tabindex=\"-1\">External relations\n\t\t\t\t\t\t\t\t\t\t\t\t<\/a>\n\t\t\t\t\t<\/h5>\n\t\t\t\t<\/li>\n\t\t\t\t\t\t\t\t<li data-index=\"4\" tabindex=\"0\">\n\t\t\t\t\t<h5>\n\t\t\t\t\t\t<a href=\"javascript:void(0);\" tabindex=\"-1\">Reputation\n\t\t\t\t\t\t\t\t\t\t\t\t<\/a>\n\t\t\t\t\t<\/h5>\n\t\t\t\t<\/li>\n\t\t\t\t\t\t\t<\/ul>\n\t\t<\/nav>\n\t\t\t\t\t<h5>\n\t\t\t\t\t\t\t\t\t\t\t\tOrganisation\n\t\t\t\t\t\t\t\t\t\t\t<\/h5>\n\t\t\t\t\t<ul>\n<li>One Team, open communication, trust<\/li>\n<li>Clear responsibility, clear competence, meaningful goals for the employees<\/li>\n<li>We strive for continuous improvement of our deliverables<\/li>\n<\/ul>\n\t\t\t\t\t<h5>\n\t\t\t\t\t\t\t\t\t\t\t\tDirection\n\t\t\t\t\t\t\t\t\t\t\t<\/h5>\n\t\t\t\t\t<ul>\n<li>First-class products and services = customised drive technology<\/li>\n<li>Innovative technology = price + quality = best price-performance<\/li>\n<li>Support customers during the entire product life cycle<\/li>\n<li>Reliable Deliveries and confidentiality enjoy highest priority<\/li>\n<\/ul>\n\t\t\t\t\t<h5>\n\t\t\t\t\t\t\t\t\t\t\t\tEmployees\n\t\t\t\t\t\t\t\t\t\t\t<\/h5>\n\t\t\t\t\t<ul>\n<li>We promote talent, sense of responsibility and personal initiative<\/li>\n<li>We support qualification and training<\/li>\n<li>We want to embed quality awareness through self-responsibility<\/li>\n<\/ul>\n\t\t\t\t\t<h5>\n\t\t\t\t\t\t\t\t\t\t\t\tExternal relations\n\t\t\t\t\t\t\t\t\t\t\t<\/h5>\n\t\t\t\t\t<ul>\n<li>Customer satisfaction is our ultimate goal<\/li>\n<li>We identify customer needs and strive for active, long-standing contacts<\/li>\n<li>We want to win new customers and suppliers, also internationally<\/li>\n<li>Success for our clients means also success for us<\/li>\n<li>In the competition we are fair, friendly and consistent in the subject<\/li>\n<\/ul>\n\t\t\t\t\t<h5>\n\t\t\t\t\t\t\t\t\t\t\t\tReputation\n\t\t\t\t\t\t\t\t\t\t\t<\/h5>\n\t\t\t\t\t<ul>\n<li>Our company and products should be well-known for every user<\/li>\n<li>The application of our drive systems offers hassle-free and future oriented technology<\/li>\n<\/ul>\n\t\t\t\t\t<!-- \/content -->\n\t<!-- \/tabs -->\n\t<h3>\n\t\t\t\tOur Recruiting-Process\n\t\t\t<\/h3>\n\t\t\t\t<img loading=\"lazy\" decoding=\"async\" src=\"https:\/\/assag.ch\/wp-content\/uploads\/2024\/01\/recruiting_grafik_assag_eng.png\" alt=\"recruiting_grafik_assag\" itemprop=\"image\" height=\"144\" width=\"1158\" title=\"recruiting_grafik_assag\" onerror=\"this.style.display='none'\"  \/>\n\t<p>Our application process is multi-staged. For this, we work together with our external partners at HRMplus. It is important to us to understand you as a person, your values and the milestones in your profile.<\/p>\n\t<p>We will answer your questions comprehensively and it is important to discuss our mutual expectations.<\/p>","protected":false},"excerpt":{"rendered":"<p>Wir suchen Talente Wir suchen Talente f\u00fcr unser ASSAG-Kompetenz-Center! Als f\u00fchrendes Schweizer Unternehmen f\u00fcr Antriebstechnik und in der Herstellung von kundenspezifischen Getriebel\u00f6sungen freuen wir uns auf Talente in unserem Team. An unserem Standort in D\u00fcdingen, Kanton Freiburg, arbeiten rund 20 Mitarbeitende mit vielseitigen und unterschiedlichen Berufserfahrungen. Sie konstruieren, kalkulieren, drehen, schleifen, pr\u00fcfen und bringen unsere [&hellip;]<\/p>","protected":false},"author":1,"featured_media":0,"parent":0,"menu_order":0,"comment_status":"closed","ping_status":"closed","template":"","meta":{"site-sidebar-layout":"no-sidebar","site-content-layout":"page-builder","ast-site-content-layout":"default","site-content-style":"default","site-sidebar-style":"default","ast-global-header-display":"","ast-banner-title-visibility":"","ast-main-header-display":"","ast-hfb-above-header-display":"","ast-hfb-below-header-display":"","ast-hfb-mobile-header-display":"","site-post-title":"disabled","ast-breadcrumbs-content":"","ast-featured-img":"disabled","footer-sml-layout":"","theme-transparent-header-meta":"enabled","adv-header-id-meta":"","stick-header-meta":"","header-above-stick-meta":"","header-main-stick-meta":"","header-below-stick-meta":"","astra-migrate-meta-layouts":"default","ast-page-background-enabled":"default","ast-page-background-meta":{"desktop":{"background-color":"","background-image":"","background-repeat":"repeat","background-position":"center center","background-size":"auto","background-attachment":"scroll","background-type":"","background-media":"","overlay-type":"","overlay-color":"","overlay-opacity":"","overlay-gradient":""},"tablet":{"background-color":"","background-image":"","background-repeat":"repeat","background-position":"center center","background-size":"auto","background-attachment":"scroll","background-type":"","background-media":"","overlay-type":"","overlay-color":"","overlay-opacity":"","overlay-gradient":""},"mobile":{"background-color":"","background-image":"","background-repeat":"repeat","background-position":"center center","background-size":"auto","background-attachment":"scroll","background-type":"","background-media":"","overlay-type":"","overlay-color":"","overlay-opacity":"","overlay-gradient":""}},"ast-content-background-meta":{"desktop":{"background-color":"var(--ast-global-color-5)","background-image":"","background-repeat":"repeat","background-position":"center center","background-size":"auto","background-attachment":"scroll","background-type":"","background-media":"","overlay-type":"","overlay-color":"","overlay-opacity":"","overlay-gradient":""},"tablet":{"background-color":"var(--ast-global-color-5)","background-image":"","background-repeat":"repeat","background-position":"center center","background-size":"auto","background-attachment":"scroll","background-type":"","background-media":"","overlay-type":"","overlay-color":"","overlay-opacity":"","overlay-gradient":""},"mobile":{"background-color":"var(--ast-global-color-5)","background-image":"","background-repeat":"repeat","background-position":"center center","background-size":"auto","background-attachment":"scroll","background-type":"","background-media":"","overlay-type":"","overlay-color":"","overlay-opacity":"","overlay-gradient":""}},"footnotes":""},"class_list":["post-2901","page","type-page","status-publish","hentry"],"_links":{"self":[{"href":"https:\/\/assag.ch\/en\/wp-json\/wp\/v2\/pages\/2901","targetHints":{"allow":["GET"]}}],"collection":[{"href":"https:\/\/assag.ch\/en\/wp-json\/wp\/v2\/pages"}],"about":[{"href":"https:\/\/assag.ch\/en\/wp-json\/wp\/v2\/types\/page"}],"author":[{"embeddable":true,"href":"https:\/\/assag.ch\/en\/wp-json\/wp\/v2\/users\/1"}],"replies":[{"embeddable":true,"href":"https:\/\/assag.ch\/en\/wp-json\/wp\/v2\/comments?post=2901"}],"version-history":[{"count":102,"href":"https:\/\/assag.ch\/en\/wp-json\/wp\/v2\/pages\/2901\/revisions"}],"predecessor-version":[{"id":4786,"href":"https:\/\/assag.ch\/en\/wp-json\/wp\/v2\/pages\/2901\/revisions\/4786"}],"wp:attachment":[{"href":"https:\/\/assag.ch\/en\/wp-json\/wp\/v2\/media?parent=2901"}],"curies":[{"name":"wp","href":"https:\/\/api.w.org\/{rel}","templated":true}]}}