{"id":2774,"date":"2018-11-26T12:46:44","date_gmt":"2018-11-26T12:46:44","guid":{"rendered":"https:\/\/websitedemos.net\/alex26\/?page_id=9"},"modified":"2026-01-28T09:38:42","modified_gmt":"2026-01-28T08:38:42","slug":"unternehmen","status":"publish","type":"page","link":"https:\/\/assag.ch\/en\/unternehmen\/","title":{"rendered":"COMPANIES"},"content":{"rendered":"<h1>\n\t\t\t\tInternational with Swiss Roots\n\t\t\t<\/h1>\n\t\t\t\t<img decoding=\"async\" src=\"https:\/\/assag.ch\/wp-content\/uploads\/2022\/05\/ASSAG-Gebaeude.jpg\" alt=\"ASSAG Geb\u00e4ude\" itemprop=\"image\" height=\"427\" width=\"640\" title=\"ASSAG Geb\u00e4ude\" onerror=\"this.style.display='none'\" loading=\"lazy\" \/>\n\t<p>ASSAG stands for a midsized Swiss company acting in the drive technology, specialized in customized drive components and -systems since 1979. ASSAG is a pioneer in face gear technology and well known for its innovative solutions in differential drives and high-precision transmissions. We equip mobile working machines, we supply machine and tooling builders, we are in automotive and in medtec, we serve automation and robotics as well working with multiple other applications.\nWe concentrate on the requirements of the application and design, supply components and assemblies for transmissions of all kind. With AVTEC and our manufacturing partners we are leading technically and commercially in our business sector.<\/p>\n\t<h3>\n\t\t\t\tMilestones\n\t\t\t<\/h3>\n\t\t\t\t\t\t\t\t\t\t\t\t\t\t\t\t\t\t\t\t\t\t\t<h6>1979<\/h6> \t\t\t\t\t\t\t\t\t\t\t\n\t\t\t\t\t\t\t\t\t\t\t\t\t\t\t\t\t\t\t\t\t\t\t\t\t\t\t\t\t\t\t\t\t\t\t\t\t\t\t\t\t\t\t\t\t\t\t\t\t\t\t\t\t\t\t\t<p>Founding ASSAG as a Swiss subsidiary of the \u00abZahnradfabrik Altona Elbe\u00bb in Hamburg, Germany.<\/p> \t\t\t\t\t\t\t\t\t\t\t\t\t\t\t\t\t\t\t\t\t\t\t\t\t\t\t\t\t\n\t\t\t\t\t\t\t\t\t\t\t\t\t\t\t\t\t\t\t\t\t\t\t<h6>1982<\/h6> \t\t\t\t\t\t\t\t\t\t\t\n\t\t\t\t\t\t\t\t\t\t\t\t\t\t\t\t\t\t\t\t\t\t\t\t\t\t\t\t\t\t\t\t\t\t\t\t\t\t\t\t\t\t\t\t\t\t\t\t\t\t\t\t\t\t\t\t<p>Construction of Offices and Manufacturing building in D\u00fcdingen, Switzerland, triggered by the governmental support and economical development in Fribourg.<\/p> \t\t\t\t\t\t\t\t\t\t\t\t\t\t\t\t\t\t\t\t\t\t\t\t\t\t\t\t\t\n\t\t\t\t\t\t\t\t\t\t\t\t\t\t\t\t\t\t\t\t\t\t\t<h6>1996<\/h6> \t\t\t\t\t\t\t\t\t\t\t\n\t\t\t\t\t\t\t\t\t\t\t\t\t\t\t\t\t\t\t\t\t\t\t\t\t\t\t\t\t\t\t\t\t\t\t\t\t\t\t\t\t\t\t\t\t\t\t\t\t\t\t\t\t\t\t\tISO 9001 certification. Distributor for brands as Harmonic Drive, Expert, Eissenbeiss, Crown Gear, Kauermann and Siebenhaar\u00a0 \t\t\t\t\t\t\t\t\t\t\t\t\t\t\t\t\t\t\t\t\t\t\t\t\t\t\t\t\t\n\t\t\t\t\t\t\t\t\t\t\t\t\t\t\t\t\t\t\t\t\t\t\t<h6>1999<\/h6> \t\t\t\t\t\t\t\t\t\t\t\n\t\t\t\t\t\t\t\t\t\t\t\t\t\t\t\t\t\t\t\t\t\t\t\t\t\t\t\t\t\t\t\t\t\t\t\t\t\t\t\t\t\t\t\t\t\t\t\t\t\t\t\t\t\t\t\t<p>ETH\/KIT Project: active vibration damping for low vibration, noise reduced high precision machines. Introduction of the Brand ASSAG Evolvere for customized gear systems.<\/p> \t\t\t\t\t\t\t\t\t\t\t\t\t\t\t\t\t\t\t\t\t\t\t\t\t\t\t\t\t\n\t\t\t\t\t\t\t\t\t\t\t\t\t\t\t\t\t\t\t\t\t\t\t<h6>2003<\/h6> \t\t\t\t\t\t\t\t\t\t\t\n\t\t\t\t\t\t\t\t\t\t\t\t\t\t\t\t\t\t\t\t\t\t\t\t\t\t\t\t\t\t\t\t\t\t\t\t\t\t\t\t\t\t\t\t\t\t\t\t\t\t\t\t\t\t\t\t<p>ASSAG takes over Crown Gear B.V., Netherlands.<\/p> \t\t\t\t\t\t\t\t\t\t\t\t\t\t\t\t\t\t\t\t\t\t\t\t\t\t\t\t\t\n\t\t\t\t\t\t\t\t\t\t\t\t\t\t\t\t\t\t\t\t\t\t\t<h6>2005<\/h6> \t\t\t\t\t\t\t\t\t\t\t\n\t\t\t\t\t\t\t\t\t\t\t\t\t\t\t\t\t\t\t\t\t\t\t\t\t\t\t\t\t\t\t\t\t\t\t\t\t\t\t\t\t\t\t\t\t\t\t\t\t\t\t\t\t\t\t\t<p>ASSAG grows up to the market leader in crown gear engineering and sales. The production was tripled and new subsidiaries in Austria, Italy and Germany were founded.<\/p> \t\t\t\t\t\t\t\t\t\t\t\t\t\t\t\t\t\t\t\t\t\t\t\t\t\t\t\t\t\n\t\t\t\t\t\t\t\t\t\t\t\t\t\t\t\t\t\t\t\t\t\t\t<h6>2009<\/h6> \t\t\t\t\t\t\t\t\t\t\t\n\t\t\t\t\t\t\t\t\t\t\t\t\t\t\t\t\t\t\t\t\t\t\t\t\t\t\t\t\t\t\t\t\t\t\t\t\t\t\t\t\t\t\t\t\t\t\t\t\t\t\t\t\t\t\t\t<p>ASSAG becomes founding member of the Swiss association \u00abSwiscleantech\u00bb under the guidance of the clean tech pioneer Bertrand Piccard.<\/p> \t\t\t\t\t\t\t\t\t\t\t\t\t\t\t\t\t\t\t\t\t\t\t\t\t\t\t\t\t\n\t\t\t\t\t\t\t\t\t\t\t\t\t\t\t\t\t\t\t\t\t\t\t<h6>2012 March<\/h6> \t\t\t\t\t\t\t\t\t\t\t\n\t\t\t\t\t\t\t\t\t\t\t\t\t\t\t\t\t\t\t\t\t\t\t\t\t\t\t\t\t\t\t\t\t\t\t\t\t\t\t\t\t\t\t\t\t\t\t\t\t\t\t\t\t\t\t\tASSAG founded the subsidiary CGP BV in Hengelo, Netherlands, and took over the production of the Cyclo crown gears of Norma UPS. \nCGP stands for Crown Gear Production.\u00a0 \t\t\t\t\t\t\t\t\t\t\t\t\t\t\t\t\t\t\t\t\t\t\t\t\t\t\t\t\t\n\t\t\t\t\t\t\t\t\t\t\t\t\t\t\t\t\t\t\t\t\t\t\t<h6>2012 May<\/h6> \t\t\t\t\t\t\t\t\t\t\t\n\t\t\t\t\t\t\t\t\t\t\t\t\t\t\t\t\t\t\t\t\t\t\t\t\t\t\t\t\t\t\t\t\t\t\t\t\t\t\t\t\t\t\t\t\t\t\t\t\t\t\t\t\t\t\t\t<p>ASSAG was acquired by AVTEC, New Delhi, belonging now tpo the CK Birla Group.\nAVTEC is leading in production of drive trains for automotive markets. Due to this partnership, there are multiple synergies, mainly increasing commercial competitiveness for serial production.<\/p> \t\t\t\t\t\t\t\t\t\t\t\t\t\t\t\t\t\t\t\t\t\t\t\t\t\t\t\t\t\n\t\t\t\t\t\t\t\t\t\t\t\t\t\t\t\t\t\t\t\t\t\t\t<h6>2015<\/h6> \t\t\t\t\t\t\t\t\t\t\t\n\t\t\t\t\t\t\t\t\t\t\t\t\t\t\t\t\t\t\t\t\t\t\t\t\t\t\t\t\t\t\t\t\t\t\t\t\t\t\t\t\t\t\t\t\t\t\t\t\t\t\t\t\t\t\t\t<p>ASSAG moves with machining centres from Netherlands to Hosur\/India to gain synergies in the manufacturing process.<\/p> \t\t\t\t\t\t\t\t\t\t\t\t\t\t\t\t\t\t\t\t\t\t\t\t\t\t\t\t\t\n\t\t\t\t\t\t\t\t\t\t\t\t\t\t\t\t\t\t\t\t\t\t\t<h6>2018<\/h6> \t\t\t\t\t\t\t\t\t\t\t\n\t\t\t\t\t\t\t\t\t\t\t\t\t\t\t\t\t\t\t\t\t\t\t\t\t\t\t\t\t\t\t\t\t\t\t\t\t\t\t\t\t\t\t\t\t\t\t\t\t\t\t\t\t\t\t\t<p>ASSAG undertakes a 3 years restructuring process and defines the position for future requirements.<\/p> \t\t\t\t\t\t\t\t\t\t\t\t\t\t\t\t\t\t\t\t\t\t\t\t\t\t\t\t\t\n\t\t\t\t\t\t\t\t\t\t\t\t\t\t\t\t\t\t\t\t\t\t\t<h6>2022<\/h6> \t\t\t\t\t\t\t\t\t\t\t\n\t\t\t\t\t\t\t\t\t\t\t\t\t\t\t\t\t\t\t\t\t\t\t\t\t\t\t\t\t\t\t\t\t\t\t\t\t\t\t\t\t\t\t\t\t\t\t\t\t\t\t\t\t\t\t\t<p>ASSAG introduces the new corporate identity and focuses on new defined application oriented strategy.<\/p> \t\t\t\t\t\t\t\t\t\t\t\t\t\t\t\t\t\t\t\t\t\t\t\t\t\t\t\t\t\n\t<h3>\n\t\t\t\tPartner Companies\n\t\t\t<\/h3>\n\t\t\t\t<img decoding=\"async\" src=\"https:\/\/assag.ch\/wp-content\/uploads\/2022\/01\/off-highway-dist-1.jpg\" alt=\"off-highway-dist-1\" itemprop=\"image\" height=\"582\" width=\"809\" title=\"off-highway-dist-1\" onerror=\"this.style.display='none'\" loading=\"lazy\" \/>\n\tASSAG is a associated company of AVTEC Ltd., one of the largest manufacturers of drive trains an precision components in India. <strong>AVTEC Ltd.<\/strong>, einer der gr\u00f6\u00dften Hersteller von Antriebsstr\u00e4ngen und Pr\u00e4zisionsprodukten in Indien.<br \/>\nAVTEC belongs to the CK Birla Group, one of the biggest corporations in India. AVTEC offers unique technical competence along the whole value chain, from design till manufacturing and assembly of engines, transmissions  and components for passenger cars, as well as for light commercial vehicles.<br \/>\nAVTEC owns wide experience in high end combustion engine technology and \nproduces gas and diesel operated engines, for private and industrial applications. The three environment friendly and modern sites in India are equipped with high-tech machining centers operated by qualified workers.<br \/>\n<a href=\"http:\/\/www.avtec.in\">www.avtec.in<\/a>\n\t\t\t\t<img decoding=\"async\" src=\"https:\/\/assag.ch\/wp-content\/uploads\/2022\/03\/web_ck-birla.jpg\" alt=\"web_ck-birla\" itemprop=\"image\" height=\"621\" width=\"1104\" title=\"web_ck-birla\" onerror=\"this.style.display='none'\" loading=\"lazy\" \/>\n\tDie <strong>CK Birla Group<\/strong> ist ein Konzern mit \u00fcber 25.000 Mitarbeiter und<br \/>\nUS $2.4 Mrd. Umsatz, aktiv in den Bereichen \u00abAutomotive and Technology\u00bb, \u00abHome and Building\u00bb, \u00abHealthcare and Education\u00bb. Sie schreibt eine lange Geschichte mit bekannten globalen Unternehmen.<br \/>\nMit \u00fcber 25.000 Mitarbeiter, 41 Produktionsst\u00e4tten, 21 Service St\u00fctzpunkten, zahllosen Patenten und Auszeichnungen ist die Gruppe in \u00fcber f\u00fcnf Kontinenten pr\u00e4sent. Die zugeh\u00f6rigen Unternehmen verbinden sich \u00fcber gemeinsame Werte: Fokus auf nachhaltigen Wertbeitrag, auf Vertrauen basierende Beziehungen, als auch der Philanthropie. Jedes Unternehmen repr\u00e4sentiert f\u00fcr sich die kollektive St\u00e4rke der Gruppe.<br \/>\n<a href=\"https:\/\/www.ckbirlagroup.com\">www.ckbirlagroup.com<\/a>\n\t<h3>\n\t\t\t\tPartnerschaften\n\t\t\t<\/h3>\n\t\t\t\t<img decoding=\"async\" src=\"https:\/\/assag.ch\/wp-content\/uploads\/2024\/05\/Swiss-mechatronics-300x100.png\" alt=\"Swiss mechatronics\" itemprop=\"image\" height=\"100\" width=\"300\" title=\"Swiss mechatronics\" onerror=\"this.style.display='none'\" loading=\"lazy\" \/>\n\t\t\t\t<img decoding=\"async\" src=\"https:\/\/assag.ch\/wp-content\/uploads\/2024\/05\/Handelskammer-Deutschland-Schweiz-2-300x115.png\" alt=\"Handelskammer Deutschland Schweiz 2\" itemprop=\"image\" height=\"115\" width=\"300\" title=\"Handelskammer Deutschland Schweiz 2\" onerror=\"this.style.display='none'\" loading=\"lazy\" \/>\n\t\t\t\t<img decoding=\"async\" src=\"https:\/\/assag.ch\/wp-content\/uploads\/2024\/05\/GIF-VFI.png\" alt=\"GIF VFI\" itemprop=\"image\" height=\"128\" width=\"250\" title=\"GIF VFI\" onerror=\"this.style.display='none'\" loading=\"lazy\" \/>\n\t\t\t\t<img decoding=\"async\" src=\"https:\/\/assag.ch\/wp-content\/uploads\/2024\/05\/Swissmem-300x123.png\" alt=\"Swissmem\" itemprop=\"image\" height=\"123\" width=\"300\" title=\"Swissmem\" onerror=\"this.style.display='none'\" loading=\"lazy\" \/>\n\t\t\t\t<img decoding=\"async\" src=\"https:\/\/assag.ch\/wp-content\/uploads\/2024\/05\/SGE-7.png\" alt=\"SGE 7\" itemprop=\"image\" height=\"2599\" width=\"5079\" title=\"SGE 7\" onerror=\"this.style.display='none'\" loading=\"lazy\" \/>","protected":false},"excerpt":{"rendered":"<p>International mit Schweizer Wurzeln ASSAG steht f\u00fcr ein mittelst\u00e4ndisches Schweizer Unternehmen in der Antriebstechnik und ist seit 1979 auf kundenspezifische L\u00f6sungen f\u00fcr Getriebekomponenten und -systeme\u00a0 spezialisiert. ASSAG ist Pionier in der Kronenradtechnologie und bekannt f\u00fcr innovative L\u00f6sungen in Differential- und Hochpr\u00e4zisionsgetrieben. Wir r\u00fcsten mobile Arbeitsmaschinen aus, beliefern Kunden im Maschinenbau, im Automobilbereich,\u00a0in der Medizintechnik, in [&hellip;]<\/p>","protected":false},"author":1,"featured_media":0,"parent":0,"menu_order":0,"comment_status":"closed","ping_status":"closed","template":"","meta":{"site-sidebar-layout":"no-sidebar","site-content-layout":"page-builder","ast-site-content-layout":"default","site-content-style":"default","site-sidebar-style":"default","ast-global-header-display":"","ast-banner-title-visibility":"","ast-main-header-display":"","ast-hfb-above-header-display":"","ast-hfb-below-header-display":"","ast-hfb-mobile-header-display":"","site-post-title":"disabled","ast-breadcrumbs-content":"","ast-featured-img":"disabled","footer-sml-layout":"","theme-transparent-header-meta":"enabled","adv-header-id-meta":"","stick-header-meta":"","header-above-stick-meta":"","header-main-stick-meta":"","header-below-stick-meta":"","astra-migrate-meta-layouts":"default","ast-page-background-enabled":"default","ast-page-background-meta":{"desktop":{"background-color":"","background-image":"","background-repeat":"repeat","background-position":"center center","background-size":"auto","background-attachment":"scroll","background-type":"","background-media":"","overlay-type":"","overlay-color":"","overlay-opacity":"","overlay-gradient":""},"tablet":{"background-color":"","background-image":"","background-repeat":"repeat","background-position":"center center","background-size":"auto","background-attachment":"scroll","background-type":"","background-media":"","overlay-type":"","overlay-color":"","overlay-opacity":"","overlay-gradient":""},"mobile":{"background-color":"","background-image":"","background-repeat":"repeat","background-position":"center center","background-size":"auto","background-attachment":"scroll","background-type":"","background-media":"","overlay-type":"","overlay-color":"","overlay-opacity":"","overlay-gradient":""}},"ast-content-background-meta":{"desktop":{"background-color":"var(--ast-global-color-5)","background-image":"","background-repeat":"repeat","background-position":"center center","background-size":"auto","background-attachment":"scroll","background-type":"","background-media":"","overlay-type":"","overlay-color":"","overlay-opacity":"","overlay-gradient":""},"tablet":{"background-color":"var(--ast-global-color-5)","background-image":"","background-repeat":"repeat","background-position":"center center","background-size":"auto","background-attachment":"scroll","background-type":"","background-media":"","overlay-type":"","overlay-color":"","overlay-opacity":"","overlay-gradient":""},"mobile":{"background-color":"var(--ast-global-color-5)","background-image":"","background-repeat":"repeat","background-position":"center center","background-size":"auto","background-attachment":"scroll","background-type":"","background-media":"","overlay-type":"","overlay-color":"","overlay-opacity":"","overlay-gradient":""}},"footnotes":""},"class_list":["post-2774","page","type-page","status-publish","hentry"],"_links":{"self":[{"href":"https:\/\/assag.ch\/en\/wp-json\/wp\/v2\/pages\/2774","targetHints":{"allow":["GET"]}}],"collection":[{"href":"https:\/\/assag.ch\/en\/wp-json\/wp\/v2\/pages"}],"about":[{"href":"https:\/\/assag.ch\/en\/wp-json\/wp\/v2\/types\/page"}],"author":[{"embeddable":true,"href":"https:\/\/assag.ch\/en\/wp-json\/wp\/v2\/users\/1"}],"replies":[{"embeddable":true,"href":"https:\/\/assag.ch\/en\/wp-json\/wp\/v2\/comments?post=2774"}],"version-history":[{"count":184,"href":"https:\/\/assag.ch\/en\/wp-json\/wp\/v2\/pages\/2774\/revisions"}],"predecessor-version":[{"id":4894,"href":"https:\/\/assag.ch\/en\/wp-json\/wp\/v2\/pages\/2774\/revisions\/4894"}],"wp:attachment":[{"href":"https:\/\/assag.ch\/en\/wp-json\/wp\/v2\/media?parent=2774"}],"curies":[{"name":"wp","href":"https:\/\/api.w.org\/{rel}","templated":true}]}}